{"id":312,"date":"2024-06-18T00:01:02","date_gmt":"2024-06-18T00:01:02","guid":{"rendered":"https:\/\/hospitalsaopaulo.animaker.com.br\/?page_id=312"},"modified":"2024-06-18T00:01:51","modified_gmt":"2024-06-18T00:01:51","slug":"treinamento","status":"publish","type":"page","link":"https:\/\/hospitalsaopaulo.animaker.com.br\/?page_id=312","title":{"rendered":"Treinamento"},"content":{"rendered":"\t\t<div data-elementor-type=\"wp-page\" data-elementor-id=\"312\" class=\"elementor elementor-312\" data-elementor-post-type=\"page\">\n\t\t\t\t\t\t<section class=\"elementor-section elementor-top-section elementor-element elementor-element-22438950 elementor-section-boxed elementor-section-height-default elementor-section-height-default\" data-id=\"22438950\" data-element_type=\"section\" data-e-type=\"section\">\n\t\t\t\t\t\t<div class=\"elementor-container elementor-column-gap-default\">\n\t\t\t\t\t<div class=\"elementor-column elementor-col-100 elementor-top-column elementor-element elementor-element-1464933a\" data-id=\"1464933a\" data-element_type=\"column\" data-e-type=\"column\">\n\t\t\t<div class=\"elementor-widget-wrap elementor-element-populated\">\n\t\t\t\t\t\t<div class=\"elementor-element elementor-element-673ecdbe elementor-widget elementor-widget-spacer\" data-id=\"673ecdbe\" data-element_type=\"widget\" data-e-type=\"widget\" data-widget_type=\"spacer.default\">\n\t\t\t\t<div class=\"elementor-widget-container\">\n\t\t\t\t\t\t\t<div class=\"elementor-spacer\">\n\t\t\t<div class=\"elementor-spacer-inner\"><\/div>\n\t\t<\/div>\n\t\t\t\t\t\t<\/div>\n\t\t\t\t<\/div>\n\t\t\t\t<div class=\"elementor-element elementor-element-36f8e846 elementor-widget elementor-widget-heading\" data-id=\"36f8e846\" data-element_type=\"widget\" data-e-type=\"widget\" data-widget_type=\"heading.default\">\n\t\t\t\t<div class=\"elementor-widget-container\">\n\t\t\t\t\t<h2 class=\"elementor-heading-title elementor-size-default\">Treinamento<\/h2>\t\t\t\t<\/div>\n\t\t\t\t<\/div>\n\t\t\t\t<div class=\"elementor-element elementor-element-52ece4e4 elementor-widget elementor-widget-text-editor\" data-id=\"52ece4e4\" data-element_type=\"widget\" data-e-type=\"widget\" data-widget_type=\"text-editor.default\">\n\t\t\t\t<div class=\"elementor-widget-container\">\n\t\t\t\t\t\t\t\t\t<p class=\"p1\"><span class=\"s1\">Com vistas a garantir que os profissionais da institui\u00e7\u00e3o desempenhem suas fun\u00e7\u00f5es com o devido respeito \u00e0 privacidade e de forma segura, o constante treinamento dos colaboradores \u00e9 fundamental.<\/span><\/p><p class=\"p1\"><span class=\"s1\">Assim, a Equipe de Privacidade da SPDM tem como uma de suas principais fun\u00e7\u00f5es criar e ministrar treinamentos para as mais diversas \u00e1reas da institui\u00e7\u00e3o, os quais, al\u00e9m de abordar as quest\u00f5es relativas \u00e0 Lei Geral de Prote\u00e7\u00e3o de Dados, abordam a aplica\u00e7\u00e3o pr\u00e1tica dos conceitos de privacidade e prote\u00e7\u00e3o de dados de acordo com as peculiaridades de cada atividade e setor.<\/span><\/p><p><img decoding=\"async\" class=\"alignnone size-medium wp-image-314\" src=\"http:\/\/hospitalsaopaulo.animaker.com.br\/wp-content\/uploads\/sites\/155\/2024\/06\/Treinamentos-768x384-1-300x150.jpg\" alt=\"\" width=\"300\" height=\"150\" srcset=\"https:\/\/hospitalsaopaulo.animaker.com.br\/wp-content\/uploads\/sites\/155\/2024\/06\/Treinamentos-768x384-1-300x150.jpg 300w, https:\/\/hospitalsaopaulo.animaker.com.br\/wp-content\/uploads\/sites\/155\/2024\/06\/Treinamentos-768x384-1.jpg 768w\" sizes=\"(max-width: 300px) 100vw, 300px\" \/><\/p>\t\t\t\t\t\t\t\t<\/div>\n\t\t\t\t<\/div>\n\t\t\t\t\t<\/div>\n\t\t<\/div>\n\t\t\t\t\t<\/div>\n\t\t<\/section>\n\t\t\t\t<\/div>\n\t\t","protected":false},"excerpt":{"rendered":"<p>Treinamento Com vistas a garantir que os profissionais da institui\u00e7\u00e3o desempenhem suas fun\u00e7\u00f5es com o devido respeito \u00e0 privacidade e de forma segura, o constante treinamento dos colaboradores \u00e9 fundamental. Assim, a Equipe de Privacidade da SPDM tem como uma de suas principais fun\u00e7\u00f5es criar e ministrar treinamentos para as mais diversas \u00e1reas da institui\u00e7\u00e3o, [&hellip;]<\/p>\n","protected":false},"author":1,"featured_media":0,"parent":0,"menu_order":0,"comment_status":"closed","ping_status":"closed","template":"elementor_header_footer","meta":{"footnotes":""},"class_list":["post-312","page","type-page","status-publish","hentry"],"_links":{"self":[{"href":"https:\/\/hospitalsaopaulo.animaker.com.br\/index.php?rest_route=\/wp\/v2\/pages\/312","targetHints":{"allow":["GET"]}}],"collection":[{"href":"https:\/\/hospitalsaopaulo.animaker.com.br\/index.php?rest_route=\/wp\/v2\/pages"}],"about":[{"href":"https:\/\/hospitalsaopaulo.animaker.com.br\/index.php?rest_route=\/wp\/v2\/types\/page"}],"author":[{"embeddable":true,"href":"https:\/\/hospitalsaopaulo.animaker.com.br\/index.php?rest_route=\/wp\/v2\/users\/1"}],"replies":[{"embeddable":true,"href":"https:\/\/hospitalsaopaulo.animaker.com.br\/index.php?rest_route=%2Fwp%2Fv2%2Fcomments&post=312"}],"version-history":[{"count":0,"href":"https:\/\/hospitalsaopaulo.animaker.com.br\/index.php?rest_route=\/wp\/v2\/pages\/312\/revisions"}],"wp:attachment":[{"href":"https:\/\/hospitalsaopaulo.animaker.com.br\/index.php?rest_route=%2Fwp%2Fv2%2Fmedia&parent=312"}],"curies":[{"name":"wp","href":"https:\/\/api.w.org\/{rel}","templated":true}]}}