{"id":298,"date":"2024-06-17T22:22:54","date_gmt":"2024-06-17T22:22:54","guid":{"rendered":"https:\/\/hospitalsaopaulo.animaker.com.br\/?page_id=298"},"modified":"2024-06-17T22:32:59","modified_gmt":"2024-06-17T22:32:59","slug":"conscientizacao","status":"publish","type":"page","link":"https:\/\/hospitalsaopaulo.animaker.com.br\/?page_id=298","title":{"rendered":"Conscientiza\u00e7\u00e3o"},"content":{"rendered":"\t\t<div data-elementor-type=\"wp-page\" data-elementor-id=\"298\" class=\"elementor elementor-298\" data-elementor-post-type=\"page\">\n\t\t\t\t\t\t<section class=\"elementor-section elementor-top-section elementor-element elementor-element-64625cb4 elementor-section-boxed elementor-section-height-default elementor-section-height-default\" data-id=\"64625cb4\" data-element_type=\"section\" data-e-type=\"section\">\n\t\t\t\t\t\t<div class=\"elementor-container elementor-column-gap-default\">\n\t\t\t\t\t<div class=\"elementor-column elementor-col-100 elementor-top-column elementor-element elementor-element-523d3182\" data-id=\"523d3182\" data-element_type=\"column\" data-e-type=\"column\">\n\t\t\t<div class=\"elementor-widget-wrap elementor-element-populated\">\n\t\t\t\t\t\t<div class=\"elementor-element elementor-element-3da0a519 elementor-widget elementor-widget-spacer\" data-id=\"3da0a519\" data-element_type=\"widget\" data-e-type=\"widget\" data-widget_type=\"spacer.default\">\n\t\t\t\t<div class=\"elementor-widget-container\">\n\t\t\t\t\t\t\t<div class=\"elementor-spacer\">\n\t\t\t<div class=\"elementor-spacer-inner\"><\/div>\n\t\t<\/div>\n\t\t\t\t\t\t<\/div>\n\t\t\t\t<\/div>\n\t\t\t\t<div class=\"elementor-element elementor-element-78ebf52b elementor-widget elementor-widget-heading\" data-id=\"78ebf52b\" data-element_type=\"widget\" data-e-type=\"widget\" data-widget_type=\"heading.default\">\n\t\t\t\t<div class=\"elementor-widget-container\">\n\t\t\t\t\t<h2 class=\"elementor-heading-title elementor-size-default\">Conscientiza\u00e7\u00e3o<\/h2>\t\t\t\t<\/div>\n\t\t\t\t<\/div>\n\t\t\t\t<div class=\"elementor-element elementor-element-7092cdbc elementor-widget elementor-widget-text-editor\" data-id=\"7092cdbc\" data-element_type=\"widget\" data-e-type=\"widget\" data-widget_type=\"text-editor.default\">\n\t\t\t\t<div class=\"elementor-widget-container\">\n\t\t\t\t\t\t\t\t\t<p class=\"p1\"><span class=\"s1\">Para que a privacidade e a prote\u00e7\u00e3o de dados assumam o devido protagonismo nas a\u00e7\u00f5es da institui\u00e7\u00e3o, \u00e9 necess\u00e1rio que os colaboradores estejam cientes de sua import\u00e2ncia em sua atividade profissional, bem como em sua pr\u00f3pria vida pessoal.<\/span><\/p><p class=\"p1\"><span class=\"s1\">Pensando nisso, a Equipe de Privacidade da SPDM constantemente produz materiais voltados a conscientizar os colaboradores da institui\u00e7\u00e3o sobre privacidade e prote\u00e7\u00e3o de dados. Com intuito de garantir que o conte\u00fado seja compreendido por toda a gama de colaboradores da institui\u00e7\u00e3o, os materiais de conscientiza\u00e7\u00e3o s\u00e3o elaborados com linguagem acess\u00edvel e em formatos que facilitam sua compreens\u00e3o. Dentre as a\u00e7\u00f5es de conscientiza\u00e7\u00e3o, destacamos:<\/span><\/p>\t\t\t\t\t\t\t\t<\/div>\n\t\t\t\t<\/div>\n\t\t\t\t<div class=\"elementor-element elementor-element-43c164e elementor-widget elementor-widget-toggle\" data-id=\"43c164e\" data-element_type=\"widget\" data-e-type=\"widget\" data-widget_type=\"toggle.default\">\n\t\t\t\t<div class=\"elementor-widget-container\">\n\t\t\t\t\t\t\t<div class=\"elementor-toggle\">\n\t\t\t\t\t\t\t<div class=\"elementor-toggle-item\">\n\t\t\t\t\t<div id=\"elementor-tab-title-7101\" class=\"elementor-tab-title\" data-tab=\"1\" role=\"button\" aria-controls=\"elementor-tab-content-7101\" aria-expanded=\"false\">\n\t\t\t\t\t\t\t\t\t\t\t\t<span class=\"elementor-toggle-icon elementor-toggle-icon-left\" aria-hidden=\"true\">\n\t\t\t\t\t\t\t\t\t\t\t\t\t\t\t<span class=\"elementor-toggle-icon-closed\"><i class=\"fas fa-caret-right\"><\/i><\/span>\n\t\t\t\t\t\t\t\t<span class=\"elementor-toggle-icon-opened\"><i class=\"elementor-toggle-icon-opened fas fa-caret-up\"><\/i><\/span>\n\t\t\t\t\t\t\t\t\t\t\t\t\t<\/span>\n\t\t\t\t\t\t\t\t\t\t\t\t<a class=\"elementor-toggle-title\" tabindex=\"0\">Semana da Privacidade<\/a>\n\t\t\t\t\t<\/div>\n\n\t\t\t\t\t<div id=\"elementor-tab-content-7101\" class=\"elementor-tab-content elementor-clearfix\" data-tab=\"1\" role=\"region\" aria-labelledby=\"elementor-tab-title-7101\"><p>Evento anual, com participa\u00e7\u00e3o de profissionais de diversas \u00e1reas da institui\u00e7\u00e3o e de convidados externos, em que temas relacionados \u00e0 privacidade e a prote\u00e7\u00e3o de dados s\u00e3o expostos em palestras e atividades interativas, com acesso a todos os colaboradores da SPDM.<\/p><p><img decoding=\"async\" class=\"alignnone size-medium wp-image-300\" src=\"http:\/\/hospitalsaopaulo.animaker.com.br\/wp-content\/uploads\/sites\/155\/2024\/06\/Semana-da-Privacidade-768x384-1-300x150.jpg\" alt=\"semana privacidade\" width=\"300\" height=\"150\" srcset=\"https:\/\/hospitalsaopaulo.animaker.com.br\/wp-content\/uploads\/sites\/155\/2024\/06\/Semana-da-Privacidade-768x384-1-300x150.jpg 300w, https:\/\/hospitalsaopaulo.animaker.com.br\/wp-content\/uploads\/sites\/155\/2024\/06\/Semana-da-Privacidade-768x384-1.jpg 768w\" sizes=\"(max-width: 300px) 100vw, 300px\" \/><\/p><\/div>\n\t\t\t\t<\/div>\n\t\t\t\t\t\t\t<div class=\"elementor-toggle-item\">\n\t\t\t\t\t<div id=\"elementor-tab-title-7102\" class=\"elementor-tab-title\" data-tab=\"2\" role=\"button\" aria-controls=\"elementor-tab-content-7102\" aria-expanded=\"false\">\n\t\t\t\t\t\t\t\t\t\t\t\t<span class=\"elementor-toggle-icon elementor-toggle-icon-left\" aria-hidden=\"true\">\n\t\t\t\t\t\t\t\t\t\t\t\t\t\t\t<span class=\"elementor-toggle-icon-closed\"><i class=\"fas fa-caret-right\"><\/i><\/span>\n\t\t\t\t\t\t\t\t<span class=\"elementor-toggle-icon-opened\"><i class=\"elementor-toggle-icon-opened fas fa-caret-up\"><\/i><\/span>\n\t\t\t\t\t\t\t\t\t\t\t\t\t<\/span>\n\t\t\t\t\t\t\t\t\t\t\t\t<a class=\"elementor-toggle-title\" tabindex=\"0\">Privacidade News<\/a>\n\t\t\t\t\t<\/div>\n\n\t\t\t\t\t<div id=\"elementor-tab-content-7102\" class=\"elementor-tab-content elementor-clearfix\" data-tab=\"2\" role=\"region\" aria-labelledby=\"elementor-tab-title-7102\"><p>Newsletter quinzenal que aborda temas atuais e not\u00edcias sobre privacidade, tecnologia e seus impactos na vida profissional e pessoal dos colaboradores, bem como apresenta dicas sobre como agir para proteger os dados pessoais em seu dia a dia.<\/p><p><img decoding=\"async\" class=\"alignnone size-medium wp-image-301\" src=\"http:\/\/hospitalsaopaulo.animaker.com.br\/wp-content\/uploads\/sites\/155\/2024\/06\/Privacidade-News-1024x512-1-300x150.jpg\" alt=\"\" width=\"300\" height=\"150\" srcset=\"https:\/\/hospitalsaopaulo.animaker.com.br\/wp-content\/uploads\/sites\/155\/2024\/06\/Privacidade-News-1024x512-1-300x150.jpg 300w, https:\/\/hospitalsaopaulo.animaker.com.br\/wp-content\/uploads\/sites\/155\/2024\/06\/Privacidade-News-1024x512-1.jpg 700w\" sizes=\"(max-width: 300px) 100vw, 300px\" \/><\/p><\/div>\n\t\t\t\t<\/div>\n\t\t\t\t\t\t\t<div class=\"elementor-toggle-item\">\n\t\t\t\t\t<div id=\"elementor-tab-title-7103\" class=\"elementor-tab-title\" data-tab=\"3\" role=\"button\" aria-controls=\"elementor-tab-content-7103\" aria-expanded=\"false\">\n\t\t\t\t\t\t\t\t\t\t\t\t<span class=\"elementor-toggle-icon elementor-toggle-icon-left\" aria-hidden=\"true\">\n\t\t\t\t\t\t\t\t\t\t\t\t\t\t\t<span class=\"elementor-toggle-icon-closed\"><i class=\"fas fa-caret-right\"><\/i><\/span>\n\t\t\t\t\t\t\t\t<span class=\"elementor-toggle-icon-opened\"><i class=\"elementor-toggle-icon-opened fas fa-caret-up\"><\/i><\/span>\n\t\t\t\t\t\t\t\t\t\t\t\t\t<\/span>\n\t\t\t\t\t\t\t\t\t\t\t\t<a class=\"elementor-toggle-title\" tabindex=\"0\">Protecta, a Encarregada de Dados<\/a>\n\t\t\t\t\t<\/div>\n\n\t\t\t\t\t<div id=\"elementor-tab-content-7103\" class=\"elementor-tab-content elementor-clearfix\" data-tab=\"3\" role=\"region\" aria-labelledby=\"elementor-tab-title-7103\"><p>Com objetivo de tornar o aprendizado sobre Privacidade e Prote\u00e7\u00e3o de Dados mais divertido, a Equipe de Privacidade da SPDM editou a hist\u00f3ria em quadrinhos \u201cProtecta, a Encarregada de Dados\u201d. Baseada em uma produ\u00e7\u00e3o da International Association of Privacy Professionals (IAPP), uma das mais respeit\u00e1veis organiza\u00e7\u00f5es internacionais no campo da Privacidade, \u201cProtecta, a Encarregada de Dados\u201d \u00e9 uma hist\u00f3ria em quadrinhos dividida em cap\u00edtulos mensais que traz, em seu conte\u00fado, diversos ensinamentos sobre como devemos agir para uma maior seguran\u00e7a dos dados pessoais, tanto nossos quanto aqueles que utilizados em nosso dia a dia.<\/p><p><img decoding=\"async\" class=\"alignnone size-medium wp-image-302\" src=\"http:\/\/hospitalsaopaulo.animaker.com.br\/wp-content\/uploads\/sites\/155\/2024\/06\/Protecta-1024x512-1-300x150.jpg\" alt=\"\" width=\"300\" height=\"150\" srcset=\"https:\/\/hospitalsaopaulo.animaker.com.br\/wp-content\/uploads\/sites\/155\/2024\/06\/Protecta-1024x512-1-300x150.jpg 300w, https:\/\/hospitalsaopaulo.animaker.com.br\/wp-content\/uploads\/sites\/155\/2024\/06\/Protecta-1024x512-1.jpg 700w\" sizes=\"(max-width: 300px) 100vw, 300px\" \/><\/p><\/div>\n\t\t\t\t<\/div>\n\t\t\t\t\t\t\t<div class=\"elementor-toggle-item\">\n\t\t\t\t\t<div id=\"elementor-tab-title-7104\" class=\"elementor-tab-title\" data-tab=\"4\" role=\"button\" aria-controls=\"elementor-tab-content-7104\" aria-expanded=\"false\">\n\t\t\t\t\t\t\t\t\t\t\t\t<span class=\"elementor-toggle-icon elementor-toggle-icon-left\" aria-hidden=\"true\">\n\t\t\t\t\t\t\t\t\t\t\t\t\t\t\t<span class=\"elementor-toggle-icon-closed\"><i class=\"fas fa-caret-right\"><\/i><\/span>\n\t\t\t\t\t\t\t\t<span class=\"elementor-toggle-icon-opened\"><i class=\"elementor-toggle-icon-opened fas fa-caret-up\"><\/i><\/span>\n\t\t\t\t\t\t\t\t\t\t\t\t\t<\/span>\n\t\t\t\t\t\t\t\t\t\t\t\t<a class=\"elementor-toggle-title\" tabindex=\"0\">Cartilhas<\/a>\n\t\t\t\t\t<\/div>\n\n\t\t\t\t\t<div id=\"elementor-tab-content-7104\" class=\"elementor-tab-content elementor-clearfix\" data-tab=\"4\" role=\"region\" aria-labelledby=\"elementor-tab-title-7104\"><p>As Cartilhas t\u00eam o intuito de fomentar o aprendizado sobre privacidade e prote\u00e7\u00e3o de dados de forma l\u00fadica e facilitada, abordando estes temas em linguagem mais simples e informal, com ilustra\u00e7\u00f5es e jogos.<\/p><p><img loading=\"lazy\" decoding=\"async\" class=\"alignnone size-medium wp-image-303\" src=\"http:\/\/hospitalsaopaulo.animaker.com.br\/wp-content\/uploads\/sites\/155\/2024\/06\/Cartilha-1024x512-1-300x150.jpg\" alt=\"\" width=\"300\" height=\"150\" srcset=\"https:\/\/hospitalsaopaulo.animaker.com.br\/wp-content\/uploads\/sites\/155\/2024\/06\/Cartilha-1024x512-1-300x150.jpg 300w, https:\/\/hospitalsaopaulo.animaker.com.br\/wp-content\/uploads\/sites\/155\/2024\/06\/Cartilha-1024x512-1.jpg 700w\" sizes=\"(max-width: 300px) 100vw, 300px\" \/><\/p><p>\u00a0<\/p><\/div>\n\t\t\t\t<\/div>\n\t\t\t\t\t\t\t\t<\/div>\n\t\t\t\t\t\t<\/div>\n\t\t\t\t<\/div>\n\t\t\t\t\t<\/div>\n\t\t<\/div>\n\t\t\t\t\t<\/div>\n\t\t<\/section>\n\t\t\t\t<\/div>\n\t\t","protected":false},"excerpt":{"rendered":"<p>Conscientiza\u00e7\u00e3o Para que a privacidade e a prote\u00e7\u00e3o de dados assumam o devido protagonismo nas a\u00e7\u00f5es da institui\u00e7\u00e3o, \u00e9 necess\u00e1rio que os colaboradores estejam cientes de sua import\u00e2ncia em sua atividade profissional, bem como em sua pr\u00f3pria vida pessoal. Pensando nisso, a Equipe de Privacidade da SPDM constantemente produz materiais voltados a conscientizar os colaboradores [&hellip;]<\/p>\n","protected":false},"author":1,"featured_media":0,"parent":0,"menu_order":0,"comment_status":"closed","ping_status":"closed","template":"elementor_header_footer","meta":{"footnotes":""},"class_list":["post-298","page","type-page","status-publish","hentry"],"_links":{"self":[{"href":"https:\/\/hospitalsaopaulo.animaker.com.br\/index.php?rest_route=\/wp\/v2\/pages\/298","targetHints":{"allow":["GET"]}}],"collection":[{"href":"https:\/\/hospitalsaopaulo.animaker.com.br\/index.php?rest_route=\/wp\/v2\/pages"}],"about":[{"href":"https:\/\/hospitalsaopaulo.animaker.com.br\/index.php?rest_route=\/wp\/v2\/types\/page"}],"author":[{"embeddable":true,"href":"https:\/\/hospitalsaopaulo.animaker.com.br\/index.php?rest_route=\/wp\/v2\/users\/1"}],"replies":[{"embeddable":true,"href":"https:\/\/hospitalsaopaulo.animaker.com.br\/index.php?rest_route=%2Fwp%2Fv2%2Fcomments&post=298"}],"version-history":[{"count":0,"href":"https:\/\/hospitalsaopaulo.animaker.com.br\/index.php?rest_route=\/wp\/v2\/pages\/298\/revisions"}],"wp:attachment":[{"href":"https:\/\/hospitalsaopaulo.animaker.com.br\/index.php?rest_route=%2Fwp%2Fv2%2Fmedia&parent=298"}],"curies":[{"name":"wp","href":"https:\/\/api.w.org\/{rel}","templated":true}]}}