{"id":280,"date":"2024-03-13T18:45:54","date_gmt":"2024-03-13T18:45:54","guid":{"rendered":"https:\/\/hospitalsaopaulo.animaker.com.br\/?page_id=280"},"modified":"2024-03-13T19:05:24","modified_gmt":"2024-03-13T19:05:24","slug":"treinamentos","status":"publish","type":"page","link":"https:\/\/hospitalsaopaulo.animaker.com.br\/?page_id=280","title":{"rendered":"Treinamentos"},"content":{"rendered":"\t\t<div data-elementor-type=\"wp-page\" data-elementor-id=\"280\" class=\"elementor elementor-280\" data-elementor-post-type=\"page\">\n\t\t\t\t\t\t<section class=\"elementor-section elementor-top-section elementor-element elementor-element-533413c elementor-section-boxed elementor-section-height-default elementor-section-height-default\" data-id=\"533413c\" data-element_type=\"section\" data-e-type=\"section\">\n\t\t\t\t\t\t<div class=\"elementor-container elementor-column-gap-default\">\n\t\t\t\t\t<div class=\"elementor-column elementor-col-100 elementor-top-column elementor-element elementor-element-c8d44d4\" data-id=\"c8d44d4\" data-element_type=\"column\" data-e-type=\"column\">\n\t\t\t<div class=\"elementor-widget-wrap elementor-element-populated\">\n\t\t\t\t\t\t<div class=\"elementor-element elementor-element-bb05304 elementor-widget elementor-widget-heading\" data-id=\"bb05304\" data-element_type=\"widget\" data-e-type=\"widget\" data-widget_type=\"heading.default\">\n\t\t\t\t<div class=\"elementor-widget-container\">\n\t\t\t\t\t<h2 class=\"elementor-heading-title elementor-size-default\">Treinamentos<\/h2>\t\t\t\t<\/div>\n\t\t\t\t<\/div>\n\t\t\t\t<div class=\"elementor-element elementor-element-96e69b3 elementor-widget elementor-widget-text-editor\" data-id=\"96e69b3\" data-element_type=\"widget\" data-e-type=\"widget\" data-widget_type=\"text-editor.default\">\n\t\t\t\t<div class=\"elementor-widget-container\">\n\t\t\t\t\t\t\t\t\t<p><strong>Treinamento da Lei Anticorrup\u00e7\u00e3o (Lei n\u00ba 12.846\/13)<\/strong><\/p><p>Este treinamento tem como objetivo divulgar e conscientizar os colaboradores sobre o Programa de Integridade, utilizando como refer\u00eancia a Lei n\u00ba 12.846 de 1\u00ba de agosto de 2013. Atualmente este treinamento \u00e9 realizado na integra\u00e7\u00e3o institucional de novos colaboradores e atrav\u00e9s da plataforma EAD \u2013 Ensino a dist\u00e2ncia da SPDM (<em>e-learning<\/em>).<\/p><p>\u00a0<\/p>\t\t\t\t\t\t\t\t<\/div>\n\t\t\t\t<\/div>\n\t\t\t\t<section class=\"elementor-section elementor-inner-section elementor-element elementor-element-22f4153 elementor-section-boxed elementor-section-height-default elementor-section-height-default\" data-id=\"22f4153\" data-element_type=\"section\" data-e-type=\"section\">\n\t\t\t\t\t\t<div class=\"elementor-container elementor-column-gap-default\">\n\t\t\t\t\t<div class=\"elementor-column elementor-col-50 elementor-inner-column elementor-element elementor-element-a721067\" data-id=\"a721067\" data-element_type=\"column\" data-e-type=\"column\">\n\t\t\t<div class=\"elementor-widget-wrap elementor-element-populated\">\n\t\t\t\t\t\t<div class=\"elementor-element elementor-element-c92ffd3 elementor-widget elementor-widget-image\" data-id=\"c92ffd3\" data-element_type=\"widget\" data-e-type=\"widget\" data-widget_type=\"image.default\">\n\t\t\t\t<div class=\"elementor-widget-container\">\n\t\t\t\t\t\t\t\t\t\t\t\t\t\t\t<img fetchpriority=\"high\" decoding=\"async\" width=\"500\" height=\"270\" src=\"https:\/\/hospitalsaopaulo.animaker.com.br\/wp-content\/uploads\/sites\/155\/2024\/03\/1aprograma-treinamento-combate-corrupcao.jpg\" class=\"attachment-full size-full wp-image-286\" alt=\"\" srcset=\"https:\/\/hospitalsaopaulo.animaker.com.br\/wp-content\/uploads\/sites\/155\/2024\/03\/1aprograma-treinamento-combate-corrupcao.jpg 500w, https:\/\/hospitalsaopaulo.animaker.com.br\/wp-content\/uploads\/sites\/155\/2024\/03\/1aprograma-treinamento-combate-corrupcao-300x162.jpg 300w\" sizes=\"(max-width: 500px) 100vw, 500px\" \/>\t\t\t\t\t\t\t\t\t\t\t\t\t\t\t<\/div>\n\t\t\t\t<\/div>\n\t\t\t\t\t<\/div>\n\t\t<\/div>\n\t\t\t\t<div class=\"elementor-column elementor-col-50 elementor-inner-column elementor-element elementor-element-265d7b0\" data-id=\"265d7b0\" data-element_type=\"column\" data-e-type=\"column\">\n\t\t\t<div class=\"elementor-widget-wrap elementor-element-populated\">\n\t\t\t\t\t\t<div class=\"elementor-element elementor-element-1c09d79 elementor-widget elementor-widget-image\" data-id=\"1c09d79\" data-element_type=\"widget\" data-e-type=\"widget\" data-widget_type=\"image.default\">\n\t\t\t\t<div class=\"elementor-widget-container\">\n\t\t\t\t\t\t\t\t\t\t\t\t\t\t\t<img decoding=\"async\" width=\"500\" height=\"313\" src=\"https:\/\/hospitalsaopaulo.animaker.com.br\/wp-content\/uploads\/sites\/155\/2024\/03\/1a-corrupcao-lei.jpg\" class=\"attachment-full size-full wp-image-287\" alt=\"\" srcset=\"https:\/\/hospitalsaopaulo.animaker.com.br\/wp-content\/uploads\/sites\/155\/2024\/03\/1a-corrupcao-lei.jpg 500w, https:\/\/hospitalsaopaulo.animaker.com.br\/wp-content\/uploads\/sites\/155\/2024\/03\/1a-corrupcao-lei-300x188.jpg 300w\" sizes=\"(max-width: 500px) 100vw, 500px\" \/>\t\t\t\t\t\t\t\t\t\t\t\t\t\t\t<\/div>\n\t\t\t\t<\/div>\n\t\t\t\t\t<\/div>\n\t\t<\/div>\n\t\t\t\t\t<\/div>\n\t\t<\/section>\n\t\t\t\t<section class=\"elementor-section elementor-inner-section elementor-element elementor-element-f6f451d elementor-section-boxed elementor-section-height-default elementor-section-height-default\" data-id=\"f6f451d\" data-element_type=\"section\" data-e-type=\"section\">\n\t\t\t\t\t\t<div class=\"elementor-container elementor-column-gap-default\">\n\t\t\t\t\t<div class=\"elementor-column elementor-col-100 elementor-inner-column elementor-element elementor-element-69ec005\" data-id=\"69ec005\" data-element_type=\"column\" data-e-type=\"column\">\n\t\t\t<div class=\"elementor-widget-wrap elementor-element-populated\">\n\t\t\t\t\t\t<div class=\"elementor-element elementor-element-82f0f52 elementor-widget elementor-widget-text-editor\" data-id=\"82f0f52\" data-element_type=\"widget\" data-e-type=\"widget\" data-widget_type=\"text-editor.default\">\n\t\t\t\t<div class=\"elementor-widget-container\">\n\t\t\t\t\t\t\t\t\t<p><strong>Treinamento do Manual de Conformidade Administrativa, Pol\u00edticas e Princ\u00edpios de Integridade<\/strong><\/p><p>Treinamento desenvolvido e aplicado na admiss\u00e3o e reciclagem dos colaboradores para a refor\u00e7ar a dissemina\u00e7\u00e3o da cultura de integridade na SPDM. \u00c9 baseado em seu c\u00f3digo de conduta. Ap\u00f3s a realiza\u00e7\u00e3o do treinamento, os colaboradores realizam a avalia\u00e7\u00e3o para verificar a reten\u00e7\u00e3o e compreens\u00e3o das informa\u00e7\u00f5es.<\/p>\t\t\t\t\t\t\t\t<\/div>\n\t\t\t\t<\/div>\n\t\t\t\t\t<\/div>\n\t\t<\/div>\n\t\t\t\t\t<\/div>\n\t\t<\/section>\n\t\t\t\t<section class=\"elementor-section elementor-inner-section elementor-element elementor-element-1d1311e elementor-section-boxed elementor-section-height-default elementor-section-height-default\" data-id=\"1d1311e\" data-element_type=\"section\" data-e-type=\"section\">\n\t\t\t\t\t\t<div class=\"elementor-container elementor-column-gap-default\">\n\t\t\t\t\t<div class=\"elementor-column elementor-col-50 elementor-inner-column elementor-element elementor-element-df6dd86\" data-id=\"df6dd86\" data-element_type=\"column\" data-e-type=\"column\">\n\t\t\t<div class=\"elementor-widget-wrap elementor-element-populated\">\n\t\t\t\t\t\t<div class=\"elementor-element elementor-element-1899694 elementor-widget elementor-widget-image\" data-id=\"1899694\" data-element_type=\"widget\" data-e-type=\"widget\" data-widget_type=\"image.default\">\n\t\t\t\t<div class=\"elementor-widget-container\">\n\t\t\t\t\t\t\t\t\t\t\t\t\t\t\t<img decoding=\"async\" width=\"500\" height=\"283\" src=\"https:\/\/hospitalsaopaulo.animaker.com.br\/wp-content\/uploads\/sites\/155\/2024\/03\/1atreinamneto-1.jpg\" class=\"attachment-full size-full wp-image-288\" alt=\"\" srcset=\"https:\/\/hospitalsaopaulo.animaker.com.br\/wp-content\/uploads\/sites\/155\/2024\/03\/1atreinamneto-1.jpg 500w, https:\/\/hospitalsaopaulo.animaker.com.br\/wp-content\/uploads\/sites\/155\/2024\/03\/1atreinamneto-1-300x170.jpg 300w\" sizes=\"(max-width: 500px) 100vw, 500px\" \/>\t\t\t\t\t\t\t\t\t\t\t\t\t\t\t<\/div>\n\t\t\t\t<\/div>\n\t\t\t\t\t<\/div>\n\t\t<\/div>\n\t\t\t\t<div class=\"elementor-column elementor-col-50 elementor-inner-column elementor-element elementor-element-c3b83e1\" data-id=\"c3b83e1\" data-element_type=\"column\" data-e-type=\"column\">\n\t\t\t<div class=\"elementor-widget-wrap elementor-element-populated\">\n\t\t\t\t\t\t<div class=\"elementor-element elementor-element-d28cdf1 elementor-widget elementor-widget-image\" data-id=\"d28cdf1\" data-element_type=\"widget\" data-e-type=\"widget\" data-widget_type=\"image.default\">\n\t\t\t\t<div class=\"elementor-widget-container\">\n\t\t\t\t\t\t\t\t\t\t\t\t\t\t\t<img loading=\"lazy\" decoding=\"async\" width=\"500\" height=\"291\" src=\"https:\/\/hospitalsaopaulo.animaker.com.br\/wp-content\/uploads\/sites\/155\/2024\/03\/1atreinamento-2.jpg\" class=\"attachment-full size-full wp-image-289\" alt=\"\" srcset=\"https:\/\/hospitalsaopaulo.animaker.com.br\/wp-content\/uploads\/sites\/155\/2024\/03\/1atreinamento-2.jpg 500w, https:\/\/hospitalsaopaulo.animaker.com.br\/wp-content\/uploads\/sites\/155\/2024\/03\/1atreinamento-2-300x175.jpg 300w\" sizes=\"(max-width: 500px) 100vw, 500px\" \/>\t\t\t\t\t\t\t\t\t\t\t\t\t\t\t<\/div>\n\t\t\t\t<\/div>\n\t\t\t\t\t<\/div>\n\t\t<\/div>\n\t\t\t\t\t<\/div>\n\t\t<\/section>\n\t\t\t\t\t<\/div>\n\t\t<\/div>\n\t\t\t\t\t<\/div>\n\t\t<\/section>\n\t\t\t\t<\/div>\n\t\t","protected":false},"excerpt":{"rendered":"<p>Treinamentos Treinamento da Lei Anticorrup\u00e7\u00e3o (Lei n\u00ba 12.846\/13) Este treinamento tem como objetivo divulgar e conscientizar os colaboradores sobre o Programa de Integridade, utilizando como refer\u00eancia a Lei n\u00ba 12.846 de 1\u00ba de agosto de 2013. Atualmente este treinamento \u00e9 realizado na integra\u00e7\u00e3o institucional de novos colaboradores e atrav\u00e9s da plataforma EAD \u2013 Ensino a [&hellip;]<\/p>\n","protected":false},"author":1,"featured_media":0,"parent":0,"menu_order":0,"comment_status":"closed","ping_status":"closed","template":"elementor_header_footer","meta":{"footnotes":""},"class_list":["post-280","page","type-page","status-publish","hentry"],"_links":{"self":[{"href":"https:\/\/hospitalsaopaulo.animaker.com.br\/index.php?rest_route=\/wp\/v2\/pages\/280","targetHints":{"allow":["GET"]}}],"collection":[{"href":"https:\/\/hospitalsaopaulo.animaker.com.br\/index.php?rest_route=\/wp\/v2\/pages"}],"about":[{"href":"https:\/\/hospitalsaopaulo.animaker.com.br\/index.php?rest_route=\/wp\/v2\/types\/page"}],"author":[{"embeddable":true,"href":"https:\/\/hospitalsaopaulo.animaker.com.br\/index.php?rest_route=\/wp\/v2\/users\/1"}],"replies":[{"embeddable":true,"href":"https:\/\/hospitalsaopaulo.animaker.com.br\/index.php?rest_route=%2Fwp%2Fv2%2Fcomments&post=280"}],"version-history":[{"count":0,"href":"https:\/\/hospitalsaopaulo.animaker.com.br\/index.php?rest_route=\/wp\/v2\/pages\/280\/revisions"}],"wp:attachment":[{"href":"https:\/\/hospitalsaopaulo.animaker.com.br\/index.php?rest_route=%2Fwp%2Fv2%2Fmedia&parent=280"}],"curies":[{"name":"wp","href":"https:\/\/api.w.org\/{rel}","templated":true}]}}