{"id":273,"date":"2024-03-13T16:49:11","date_gmt":"2024-03-13T16:49:11","guid":{"rendered":"https:\/\/hospitalsaopaulo.animaker.com.br\/?page_id=273"},"modified":"2024-03-13T17:24:14","modified_gmt":"2024-03-13T17:24:14","slug":"comunicacao","status":"publish","type":"page","link":"https:\/\/hospitalsaopaulo.animaker.com.br\/?page_id=273","title":{"rendered":"Comunica\u00e7\u00e3o"},"content":{"rendered":"\t\t<div data-elementor-type=\"wp-page\" data-elementor-id=\"273\" class=\"elementor elementor-273\" data-elementor-post-type=\"page\">\n\t\t\t\t\t\t<section class=\"elementor-section elementor-top-section elementor-element elementor-element-279876f elementor-section-boxed elementor-section-height-default elementor-section-height-default\" data-id=\"279876f\" data-element_type=\"section\" data-e-type=\"section\">\n\t\t\t\t\t\t<div class=\"elementor-container elementor-column-gap-default\">\n\t\t\t\t\t<div class=\"elementor-column elementor-col-100 elementor-top-column elementor-element elementor-element-a4021a5\" data-id=\"a4021a5\" data-element_type=\"column\" data-e-type=\"column\">\n\t\t\t<div class=\"elementor-widget-wrap elementor-element-populated\">\n\t\t\t\t\t\t<div class=\"elementor-element elementor-element-d08f66d elementor-widget elementor-widget-heading\" data-id=\"d08f66d\" data-element_type=\"widget\" data-e-type=\"widget\" data-widget_type=\"heading.default\">\n\t\t\t\t<div class=\"elementor-widget-container\">\n\t\t\t\t\t<h2 class=\"elementor-heading-title elementor-size-default\">Comunica\u00e7\u00e3o<\/h2>\t\t\t\t<\/div>\n\t\t\t\t<\/div>\n\t\t\t\t\t<\/div>\n\t\t<\/div>\n\t\t\t\t\t<\/div>\n\t\t<\/section>\n\t\t\t\t<section class=\"elementor-section elementor-top-section elementor-element elementor-element-dbed090 elementor-section-boxed elementor-section-height-default elementor-section-height-default\" data-id=\"dbed090\" data-element_type=\"section\" data-e-type=\"section\">\n\t\t\t\t\t\t<div class=\"elementor-container elementor-column-gap-default\">\n\t\t\t\t\t<div class=\"elementor-column elementor-col-33 elementor-top-column elementor-element elementor-element-ac51194\" data-id=\"ac51194\" data-element_type=\"column\" data-e-type=\"column\">\n\t\t\t<div class=\"elementor-widget-wrap elementor-element-populated\">\n\t\t\t\t\t\t<div class=\"elementor-element elementor-element-2114e8d elementor-widget elementor-widget-image\" data-id=\"2114e8d\" data-element_type=\"widget\" data-e-type=\"widget\" data-widget_type=\"image.default\">\n\t\t\t\t<div class=\"elementor-widget-container\">\n\t\t\t\t\t\t\t\t\t\t\t\t\t\t\t<img fetchpriority=\"high\" decoding=\"async\" width=\"217\" height=\"281\" src=\"https:\/\/hospitalsaopaulo.animaker.com.br\/wp-content\/uploads\/sites\/155\/2024\/03\/spdm-informativos.png\" class=\"attachment-large size-large wp-image-274\" alt=\"\" \/>\t\t\t\t\t\t\t\t\t\t\t\t\t\t\t<\/div>\n\t\t\t\t<\/div>\n\t\t\t\t\t<\/div>\n\t\t<\/div>\n\t\t\t\t<div class=\"elementor-column elementor-col-66 elementor-top-column elementor-element elementor-element-f5950d2\" data-id=\"f5950d2\" data-element_type=\"column\" data-e-type=\"column\">\n\t\t\t<div class=\"elementor-widget-wrap elementor-element-populated\">\n\t\t\t\t\t\t<div class=\"elementor-element elementor-element-8037a1e elementor-widget elementor-widget-text-editor\" data-id=\"8037a1e\" data-element_type=\"widget\" data-e-type=\"widget\" data-widget_type=\"text-editor.default\">\n\t\t\t\t<div class=\"elementor-widget-container\">\n\t\t\t\t\t\t\t\t\t<p><strong>Informativos\u00a0<\/strong><strong>\u2013<\/strong><strong>\u00a0<em>Banner<br \/><br \/><\/em><\/strong><\/p><p>Em diversos pontos, com maior circula\u00e7\u00e3o de profissionais, pacientes, familiares, fornecedores, dentre outros, est\u00e3o dispostos\u00a0<em>banner\u2019s<\/em>\u00a0com a divulga\u00e7\u00e3o do Manual de Conformidade Administrativa, pol\u00edticas e Princ\u00edpios de Integridade e do Canais de Confidencial da SPDM.<\/p>\t\t\t\t\t\t\t\t<\/div>\n\t\t\t\t<\/div>\n\t\t\t\t\t<\/div>\n\t\t<\/div>\n\t\t\t\t\t<\/div>\n\t\t<\/section>\n\t\t\t\t<section class=\"elementor-section elementor-top-section elementor-element elementor-element-c3d17b3 elementor-section-boxed elementor-section-height-default elementor-section-height-default\" data-id=\"c3d17b3\" data-element_type=\"section\" data-e-type=\"section\">\n\t\t\t\t\t\t<div class=\"elementor-container elementor-column-gap-default\">\n\t\t\t\t\t<div class=\"elementor-column elementor-col-33 elementor-top-column elementor-element elementor-element-49a5faa\" data-id=\"49a5faa\" data-element_type=\"column\" data-e-type=\"column\">\n\t\t\t<div class=\"elementor-widget-wrap elementor-element-populated\">\n\t\t\t\t\t\t<div class=\"elementor-element elementor-element-9a0b5ab elementor-widget elementor-widget-video\" data-id=\"9a0b5ab\" data-element_type=\"widget\" data-e-type=\"widget\" data-settings=\"{&quot;video_type&quot;:&quot;hosted&quot;,&quot;controls&quot;:&quot;yes&quot;}\" data-widget_type=\"video.default\">\n\t\t\t\t<div class=\"elementor-widget-container\">\n\t\t\t\t\t\t\t<div class=\"e-hosted-video elementor-wrapper elementor-open-inline\">\n\t\t\t\t\t<video class=\"elementor-video\" src=\"http:\/\/hospitalsaopaulo.animaker.com.br\/wp-content\/uploads\/sites\/155\/2024\/03\/SPDM-News-Compliance-site-3.mp4\" controls=\"\" preload=\"metadata\" controlsList=\"nodownload\" poster=\"http:\/\/hospitalsaopaulo.animaker.com.br\/wp-content\/uploads\/sites\/155\/2024\/03\/spdm-canais-de-comunicacao.png\"><\/video>\n\t\t\t\t<\/div>\n\t\t\t\t\t\t<\/div>\n\t\t\t\t<\/div>\n\t\t\t\t\t<\/div>\n\t\t<\/div>\n\t\t\t\t<div class=\"elementor-column elementor-col-66 elementor-top-column elementor-element elementor-element-9f70e72\" data-id=\"9f70e72\" data-element_type=\"column\" data-e-type=\"column\">\n\t\t\t<div class=\"elementor-widget-wrap elementor-element-populated\">\n\t\t\t\t\t\t<div class=\"elementor-element elementor-element-ddadf80 elementor-widget elementor-widget-text-editor\" data-id=\"ddadf80\" data-element_type=\"widget\" data-e-type=\"widget\" data-widget_type=\"text-editor.default\">\n\t\t\t\t<div class=\"elementor-widget-container\">\n\t\t\t\t\t\t\t\t\t<p><strong>Informativos \u2013 V\u00eddeos de Sensibiliza\u00e7\u00e3o<br \/><br \/><\/strong><\/p><p>A SPDM desenvolveu e divulga amplamente, por toda a institui\u00e7\u00e3o, v\u00eddeos que, em uma linguagem simplificada, abordem temas relacionados \u00e0 integridade.<\/p>\t\t\t\t\t\t\t\t<\/div>\n\t\t\t\t<\/div>\n\t\t\t\t\t<\/div>\n\t\t<\/div>\n\t\t\t\t\t<\/div>\n\t\t<\/section>\n\t\t\t\t<section class=\"elementor-section elementor-top-section elementor-element elementor-element-2ceb432 elementor-section-boxed elementor-section-height-default elementor-section-height-default\" data-id=\"2ceb432\" data-element_type=\"section\" data-e-type=\"section\">\n\t\t\t\t\t\t<div class=\"elementor-container elementor-column-gap-default\">\n\t\t\t\t\t<div class=\"elementor-column elementor-col-33 elementor-top-column elementor-element elementor-element-b7da402\" data-id=\"b7da402\" data-element_type=\"column\" data-e-type=\"column\">\n\t\t\t<div class=\"elementor-widget-wrap elementor-element-populated\">\n\t\t\t\t\t\t<div class=\"elementor-element elementor-element-b4de787 elementor-widget elementor-widget-image\" data-id=\"b4de787\" data-element_type=\"widget\" data-e-type=\"widget\" data-widget_type=\"image.default\">\n\t\t\t\t<div class=\"elementor-widget-container\">\n\t\t\t\t\t\t\t\t\t\t\t\t\t\t\t\t<a href=\"https:\/\/hospitalsaopaulo.animaker.com.br\/?page_id=266\">\n\t\t\t\t\t\t\t<img decoding=\"async\" width=\"659\" height=\"900\" src=\"https:\/\/hospitalsaopaulo.animaker.com.br\/wp-content\/uploads\/sites\/155\/2024\/03\/capa-Relatorio_de_Compliance_e_Integridade_2022-1.jpg\" class=\"attachment-large size-large wp-image-278\" alt=\"\" srcset=\"https:\/\/hospitalsaopaulo.animaker.com.br\/wp-content\/uploads\/sites\/155\/2024\/03\/capa-Relatorio_de_Compliance_e_Integridade_2022-1.jpg 659w, https:\/\/hospitalsaopaulo.animaker.com.br\/wp-content\/uploads\/sites\/155\/2024\/03\/capa-Relatorio_de_Compliance_e_Integridade_2022-1-220x300.jpg 220w\" sizes=\"(max-width: 659px) 100vw, 659px\" \/>\t\t\t\t\t\t\t\t<\/a>\n\t\t\t\t\t\t\t\t\t\t\t\t\t\t\t<\/div>\n\t\t\t\t<\/div>\n\t\t\t\t\t<\/div>\n\t\t<\/div>\n\t\t\t\t<div class=\"elementor-column elementor-col-66 elementor-top-column elementor-element elementor-element-a63766a\" data-id=\"a63766a\" data-element_type=\"column\" data-e-type=\"column\">\n\t\t\t<div class=\"elementor-widget-wrap elementor-element-populated\">\n\t\t\t\t\t\t<div class=\"elementor-element elementor-element-4dd5235 elementor-widget elementor-widget-text-editor\" data-id=\"4dd5235\" data-element_type=\"widget\" data-e-type=\"widget\" data-widget_type=\"text-editor.default\">\n\t\t\t\t<div class=\"elementor-widget-container\">\n\t\t\t\t\t\t\t\t\t<p><strong>Relat\u00f3rio de\u00a0Compliance\u00a0e Integridade\u2028<\/strong><\/p><p>Este relat\u00f3rio apresenta as a\u00e7\u00f5es de\u00a0Compliance\u00a0que foram realizadas conforme as diretrizes do Programa de\u00a0Compliance\u00a0e Integridade da SPDM.<\/p>\t\t\t\t\t\t\t\t<\/div>\n\t\t\t\t<\/div>\n\t\t\t\t\t<\/div>\n\t\t<\/div>\n\t\t\t\t\t<\/div>\n\t\t<\/section>\n\t\t\t\t<\/div>\n\t\t","protected":false},"excerpt":{"rendered":"<p>Comunica\u00e7\u00e3o Informativos\u00a0\u2013\u00a0Banner Em diversos pontos, com maior circula\u00e7\u00e3o de profissionais, pacientes, familiares, fornecedores, dentre outros, est\u00e3o dispostos\u00a0banner\u2019s\u00a0com a divulga\u00e7\u00e3o do Manual de Conformidade Administrativa, pol\u00edticas e Princ\u00edpios de Integridade e do Canais de Confidencial da SPDM. http:\/\/hospitalsaopaulo.animaker.com.br\/wp-content\/uploads\/sites\/155\/2024\/03\/SPDM-News-Compliance-site-3.mp4 Informativos \u2013 V\u00eddeos de Sensibiliza\u00e7\u00e3o A SPDM desenvolveu e divulga amplamente, por toda a institui\u00e7\u00e3o, v\u00eddeos que, em [&hellip;]<\/p>\n","protected":false},"author":1,"featured_media":0,"parent":0,"menu_order":0,"comment_status":"closed","ping_status":"closed","template":"elementor_header_footer","meta":{"footnotes":""},"class_list":["post-273","page","type-page","status-publish","hentry"],"_links":{"self":[{"href":"https:\/\/hospitalsaopaulo.animaker.com.br\/index.php?rest_route=\/wp\/v2\/pages\/273","targetHints":{"allow":["GET"]}}],"collection":[{"href":"https:\/\/hospitalsaopaulo.animaker.com.br\/index.php?rest_route=\/wp\/v2\/pages"}],"about":[{"href":"https:\/\/hospitalsaopaulo.animaker.com.br\/index.php?rest_route=\/wp\/v2\/types\/page"}],"author":[{"embeddable":true,"href":"https:\/\/hospitalsaopaulo.animaker.com.br\/index.php?rest_route=\/wp\/v2\/users\/1"}],"replies":[{"embeddable":true,"href":"https:\/\/hospitalsaopaulo.animaker.com.br\/index.php?rest_route=%2Fwp%2Fv2%2Fcomments&post=273"}],"version-history":[{"count":0,"href":"https:\/\/hospitalsaopaulo.animaker.com.br\/index.php?rest_route=\/wp\/v2\/pages\/273\/revisions"}],"wp:attachment":[{"href":"https:\/\/hospitalsaopaulo.animaker.com.br\/index.php?rest_route=%2Fwp%2Fv2%2Fmedia&parent=273"}],"curies":[{"name":"wp","href":"https:\/\/api.w.org\/{rel}","templated":true}]}}