{"id":269,"date":"2024-03-13T16:40:37","date_gmt":"2024-03-13T16:40:37","guid":{"rendered":"https:\/\/hospitalsaopaulo.animaker.com.br\/?page_id=269"},"modified":"2024-03-13T16:41:35","modified_gmt":"2024-03-13T16:41:35","slug":"manual-de-fornecedores","status":"publish","type":"page","link":"https:\/\/hospitalsaopaulo.animaker.com.br\/?page_id=269","title":{"rendered":"Manual de Fornecedores"},"content":{"rendered":"\t\t<div data-elementor-type=\"wp-page\" data-elementor-id=\"269\" class=\"elementor elementor-269\" data-elementor-post-type=\"page\">\n\t\t\t\t\t\t<section class=\"elementor-section elementor-top-section elementor-element elementor-element-d6b7b60 elementor-section-boxed elementor-section-height-default elementor-section-height-default\" data-id=\"d6b7b60\" data-element_type=\"section\" data-e-type=\"section\">\n\t\t\t\t\t\t<div class=\"elementor-container elementor-column-gap-default\">\n\t\t\t\t\t<div class=\"elementor-column elementor-col-100 elementor-top-column elementor-element elementor-element-e6af6a5\" data-id=\"e6af6a5\" data-element_type=\"column\" data-e-type=\"column\">\n\t\t\t<div class=\"elementor-widget-wrap elementor-element-populated\">\n\t\t\t\t\t\t<div class=\"elementor-element elementor-element-0d2af89 elementor-widget elementor-widget-heading\" data-id=\"0d2af89\" data-element_type=\"widget\" data-e-type=\"widget\" data-widget_type=\"heading.default\">\n\t\t\t\t<div class=\"elementor-widget-container\">\n\t\t\t\t\t<h2 class=\"elementor-heading-title elementor-size-default\">Manual de Fornecedores<\/h2>\t\t\t\t<\/div>\n\t\t\t\t<\/div>\n\t\t\t\t<div class=\"elementor-element elementor-element-6c1e793 elementor-widget elementor-widget-text-editor\" data-id=\"6c1e793\" data-element_type=\"widget\" data-e-type=\"widget\" data-widget_type=\"text-editor.default\">\n\t\t\t\t<div class=\"elementor-widget-container\">\n\t\t\t\t\t\t\t\t\t<p>Alinhado \u00e0 estrat\u00e9gia da SPDM, bem como a seu Manual de Conformidade Administrativa, este manual visa a expressar o compromisso da organiza\u00e7\u00e3o na ado\u00e7\u00e3o de padr\u00f5es adequados de conduta na rela\u00e7\u00e3o com fornecedores que, al\u00e9m da capacidade t\u00e9cnica, demonstrem compromisso com a preserva\u00e7\u00e3o do meio ambiente, conformidade e respeito aos temas relacionados com direitos humanos, com a sa\u00fade e seguran\u00e7a dos trabalhadores, com pol\u00edticas e pr\u00e1ticas de promo\u00e7\u00e3o da diversidade, atuando de forma \u00e9tica e respons\u00e1vel.<\/p><p>Al\u00e9m disso, o Manual apresenta as etapas e crit\u00e9rios utilizados na sele\u00e7\u00e3o e avalia\u00e7\u00e3o de fornecedores.<\/p><p style=\"text-align: center;\"><div class=\"_3d-flip-book  fb3d-fullscreen-mode full-size\" data-id=\"270\" data-mode=\"fullscreen\" data-title=\"false\" data-template=\"short-white-book-view\" data-lightbox=\"dark\" data-urlparam=\"fb3d-page\" data-page-n=\"0\" data-pdf=\"\" data-tax=\"null\" data-thumbnail=\"\" data-cols=\"3\" data-query=\"\"><\/div><\/p>\t\t\t\t\t\t\t\t<\/div>\n\t\t\t\t<\/div>\n\t\t\t\t\t<\/div>\n\t\t<\/div>\n\t\t\t\t\t<\/div>\n\t\t<\/section>\n\t\t\t\t<\/div>\n\t\t","protected":false},"excerpt":{"rendered":"<p>Manual de Fornecedores Alinhado \u00e0 estrat\u00e9gia da SPDM, bem como a seu Manual de Conformidade Administrativa, este manual visa a expressar o compromisso da organiza\u00e7\u00e3o na ado\u00e7\u00e3o de padr\u00f5es adequados de conduta na rela\u00e7\u00e3o com fornecedores que, al\u00e9m da capacidade t\u00e9cnica, demonstrem compromisso com a preserva\u00e7\u00e3o do meio ambiente, conformidade e respeito aos temas relacionados [&hellip;]<\/p>\n","protected":false},"author":1,"featured_media":0,"parent":0,"menu_order":0,"comment_status":"closed","ping_status":"closed","template":"elementor_header_footer","meta":{"footnotes":""},"class_list":["post-269","page","type-page","status-publish","hentry"],"_links":{"self":[{"href":"https:\/\/hospitalsaopaulo.animaker.com.br\/index.php?rest_route=\/wp\/v2\/pages\/269","targetHints":{"allow":["GET"]}}],"collection":[{"href":"https:\/\/hospitalsaopaulo.animaker.com.br\/index.php?rest_route=\/wp\/v2\/pages"}],"about":[{"href":"https:\/\/hospitalsaopaulo.animaker.com.br\/index.php?rest_route=\/wp\/v2\/types\/page"}],"author":[{"embeddable":true,"href":"https:\/\/hospitalsaopaulo.animaker.com.br\/index.php?rest_route=\/wp\/v2\/users\/1"}],"replies":[{"embeddable":true,"href":"https:\/\/hospitalsaopaulo.animaker.com.br\/index.php?rest_route=%2Fwp%2Fv2%2Fcomments&post=269"}],"version-history":[{"count":0,"href":"https:\/\/hospitalsaopaulo.animaker.com.br\/index.php?rest_route=\/wp\/v2\/pages\/269\/revisions"}],"wp:attachment":[{"href":"https:\/\/hospitalsaopaulo.animaker.com.br\/index.php?rest_route=%2Fwp%2Fv2%2Fmedia&parent=269"}],"curies":[{"name":"wp","href":"https:\/\/api.w.org\/{rel}","templated":true}]}}