{"id":266,"date":"2024-03-13T16:31:19","date_gmt":"2024-03-13T16:31:19","guid":{"rendered":"https:\/\/hospitalsaopaulo.animaker.com.br\/?page_id=266"},"modified":"2024-03-13T16:38:55","modified_gmt":"2024-03-13T16:38:55","slug":"relatorio-de-compliance-e-integridade","status":"publish","type":"page","link":"https:\/\/hospitalsaopaulo.animaker.com.br\/?page_id=266","title":{"rendered":"Relat\u00f3rio de Compliance e Integridade"},"content":{"rendered":"\t\t<div data-elementor-type=\"wp-page\" data-elementor-id=\"266\" class=\"elementor elementor-266\" data-elementor-post-type=\"page\">\n\t\t\t\t\t\t<section class=\"elementor-section elementor-top-section elementor-element elementor-element-3a638db elementor-section-boxed elementor-section-height-default elementor-section-height-default\" data-id=\"3a638db\" data-element_type=\"section\" data-e-type=\"section\">\n\t\t\t\t\t\t<div class=\"elementor-container elementor-column-gap-default\">\n\t\t\t\t\t<div class=\"elementor-column elementor-col-100 elementor-top-column elementor-element elementor-element-0221605\" data-id=\"0221605\" data-element_type=\"column\" data-e-type=\"column\">\n\t\t\t<div class=\"elementor-widget-wrap elementor-element-populated\">\n\t\t\t\t\t\t<div class=\"elementor-element elementor-element-59a1c8c elementor-widget elementor-widget-heading\" data-id=\"59a1c8c\" data-element_type=\"widget\" data-e-type=\"widget\" data-widget_type=\"heading.default\">\n\t\t\t\t<div class=\"elementor-widget-container\">\n\t\t\t\t\t<h2 class=\"elementor-heading-title elementor-size-default\">Relat\u00f3rio de Compliance e Integridade<\/h2>\t\t\t\t<\/div>\n\t\t\t\t<\/div>\n\t\t\t\t<div class=\"elementor-element elementor-element-7294720 elementor-widget elementor-widget-text-editor\" data-id=\"7294720\" data-element_type=\"widget\" data-e-type=\"widget\" data-widget_type=\"text-editor.default\">\n\t\t\t\t<div class=\"elementor-widget-container\">\n\t\t\t\t\t\t\t\t\t<p>Este relat\u00f3rio apresenta as a\u00e7\u00f5es de Compliance que foram realizadas nas Institui\u00e7\u00f5es Afiliadas, conforme as diretrizes do Programa de Compliance e Integridade da SPDM.<\/p><p style=\"text-align: center;\"><div class=\"_3d-flip-book  fb3d-fullscreen-mode full-size\" data-id=\"264\" data-mode=\"fullscreen\" data-title=\"false\" data-template=\"short-white-book-view\" data-lightbox=\"dark\" data-urlparam=\"fb3d-page\" data-page-n=\"0\" data-pdf=\"\" data-tax=\"null\" data-thumbnail=\"\" data-cols=\"3\" data-query=\"\"><\/div><\/p><p style=\"text-align: center;\">\u00a0<\/p>\t\t\t\t\t\t\t\t<\/div>\n\t\t\t\t<\/div>\n\t\t\t\t\t<\/div>\n\t\t<\/div>\n\t\t\t\t\t<\/div>\n\t\t<\/section>\n\t\t\t\t<\/div>\n\t\t","protected":false},"excerpt":{"rendered":"<p>Relat\u00f3rio de Compliance e Integridade Este relat\u00f3rio apresenta as a\u00e7\u00f5es de Compliance que foram realizadas nas Institui\u00e7\u00f5es Afiliadas, conforme as diretrizes do Programa de Compliance e Integridade da SPDM. \u00a0<\/p>\n","protected":false},"author":1,"featured_media":0,"parent":0,"menu_order":0,"comment_status":"closed","ping_status":"closed","template":"elementor_header_footer","meta":{"footnotes":""},"class_list":["post-266","page","type-page","status-publish","hentry"],"_links":{"self":[{"href":"https:\/\/hospitalsaopaulo.animaker.com.br\/index.php?rest_route=\/wp\/v2\/pages\/266","targetHints":{"allow":["GET"]}}],"collection":[{"href":"https:\/\/hospitalsaopaulo.animaker.com.br\/index.php?rest_route=\/wp\/v2\/pages"}],"about":[{"href":"https:\/\/hospitalsaopaulo.animaker.com.br\/index.php?rest_route=\/wp\/v2\/types\/page"}],"author":[{"embeddable":true,"href":"https:\/\/hospitalsaopaulo.animaker.com.br\/index.php?rest_route=\/wp\/v2\/users\/1"}],"replies":[{"embeddable":true,"href":"https:\/\/hospitalsaopaulo.animaker.com.br\/index.php?rest_route=%2Fwp%2Fv2%2Fcomments&post=266"}],"version-history":[{"count":0,"href":"https:\/\/hospitalsaopaulo.animaker.com.br\/index.php?rest_route=\/wp\/v2\/pages\/266\/revisions"}],"wp:attachment":[{"href":"https:\/\/hospitalsaopaulo.animaker.com.br\/index.php?rest_route=%2Fwp%2Fv2%2Fmedia&parent=266"}],"curies":[{"name":"wp","href":"https:\/\/api.w.org\/{rel}","templated":true}]}}