{"id":256,"date":"2024-03-12T20:18:13","date_gmt":"2024-03-12T20:18:13","guid":{"rendered":"https:\/\/hospitalsaopaulo.animaker.com.br\/?page_id=256"},"modified":"2024-03-12T20:19:27","modified_gmt":"2024-03-12T20:19:27","slug":"politicas-normas-e-regulamentos","status":"publish","type":"page","link":"https:\/\/hospitalsaopaulo.animaker.com.br\/?page_id=256","title":{"rendered":"Pol\u00edticas, Normas e Regulamentos"},"content":{"rendered":"\t\t<div data-elementor-type=\"wp-page\" data-elementor-id=\"256\" class=\"elementor elementor-256\" data-elementor-post-type=\"page\">\n\t\t\t\t\t\t<section class=\"elementor-section elementor-top-section elementor-element elementor-element-4c5dc3d elementor-section-boxed elementor-section-height-default elementor-section-height-default\" data-id=\"4c5dc3d\" data-element_type=\"section\" data-e-type=\"section\">\n\t\t\t\t\t\t<div class=\"elementor-container elementor-column-gap-default\">\n\t\t\t\t\t<div class=\"elementor-column elementor-col-100 elementor-top-column elementor-element elementor-element-dae7b96\" data-id=\"dae7b96\" data-element_type=\"column\" data-e-type=\"column\">\n\t\t\t<div class=\"elementor-widget-wrap elementor-element-populated\">\n\t\t\t\t\t\t<div class=\"elementor-element elementor-element-89a9273 elementor-widget elementor-widget-spacer\" data-id=\"89a9273\" data-element_type=\"widget\" data-e-type=\"widget\" data-widget_type=\"spacer.default\">\n\t\t\t\t<div class=\"elementor-widget-container\">\n\t\t\t\t\t\t\t<div class=\"elementor-spacer\">\n\t\t\t<div class=\"elementor-spacer-inner\"><\/div>\n\t\t<\/div>\n\t\t\t\t\t\t<\/div>\n\t\t\t\t<\/div>\n\t\t\t\t<div class=\"elementor-element elementor-element-bebe1ff elementor-widget elementor-widget-heading\" data-id=\"bebe1ff\" data-element_type=\"widget\" data-e-type=\"widget\" data-widget_type=\"heading.default\">\n\t\t\t\t<div class=\"elementor-widget-container\">\n\t\t\t\t\t<h2 class=\"elementor-heading-title elementor-size-default\">Pol\u00edticas, Normas e Regulamentos<\/h2>\t\t\t\t<\/div>\n\t\t\t\t<\/div>\n\t\t\t\t<div class=\"elementor-element elementor-element-35c3604 elementor-widget elementor-widget-text-editor\" data-id=\"35c3604\" data-element_type=\"widget\" data-e-type=\"widget\" data-widget_type=\"text-editor.default\">\n\t\t\t\t<div class=\"elementor-widget-container\">\n\t\t\t\t\t\t\t\t\t<p><strong>Pol\u00edticas Institucionais<\/strong><\/p><p>As Pol\u00edticas Institucionais t\u00eam o objetivo de dar maior transpar\u00eancia a gest\u00e3o e processos internos.<\/p><p>Os documentos (Pol\u00edticas Institucionais), visam a qualidade, seguran\u00e7a, transpar\u00eancia e \u00e9tica na realiza\u00e7\u00e3o dos processos nas unidades sob gest\u00e3o da SPDM, bem como o cumprimento das legisla\u00e7\u00f5es vigentes nos \u00e2mbitos Federais, Estaduais e Municipais.<\/p><p>Diretrizes b\u00e1sicas das Pol\u00edticas da SPDM<\/p><p>\u2022 Utilizar-se da cultura da sustentabilidade com o uso racional dos recursos financeiros<\/p><p>\u2022 Estabelecer procedimentos coerentes ao neg\u00f3cio, legais e documentados<\/p><p>\u2022 Fazer proveito da expertise t\u00e9cnica e administrativa, no estabelecimento de padr\u00f5es t\u00e9cnicos, administrativos e \u00e9ticos, a fim de mitigar quaisquer riscos (controles internos)<\/p><p>\u2022 Estabelecer de forma correta, justa e com equidade as linhas de defesa e segrega\u00e7\u00e3o de fun\u00e7\u00e3o<\/p><p>\u2022 Proceder com a salvaguarda dos documentos com integridade, seguindo as normas e prazos legais<\/p><p>Hospital S\u00e3o Paulo \u00e9 o Hospital Universit\u00e1rio da ESCOLA PAULISTA DE MEDICINA da UNIVERSIDADE FEDERAL DE S\u00c3O PAULO (EPM-UNIFESP) e tem por objetivo desenvolver, em n\u00edvel de excel\u00eancia, a assist\u00eancia \u00e0 sa\u00fade, com \u00eanfase nas atividades de ensino, pesquisa e extens\u00e3o.\u00a0<\/p><p><strong>Normas Institucionais<\/strong><\/p><p>As Normas e Regulamentos Institucionais, visam estabelecer e disseminar diretrizes que norteiam as atua\u00e7\u00f5es e pr\u00e1ticas dos profissionais da SPDM em unidades sob sua gest\u00e3o, assim como as m\u00faltiplas formas de contato destes, seja no n\u00edvel interno, nas interfaces multiprofissionais, seja no \u00e2mbito externo nos contratos com p\u00fablico de forma geral.<\/p><p>Os profissionais devem seguir a norma para a realiza\u00e7\u00e3o de suas pr\u00e1ticas profissionais, entretanto, n\u00e3o devem se limitar a ela, utilizando-se das diversos, respeitando a sua hierarquia (legisla\u00e7\u00f5es, c\u00f3digos de conduta, pol\u00edticas, regulamentos e manuais de opera\u00e7\u00e3o).<\/p><p>Documentos Institucionais, documentos operacionais gerais e espec\u00edficos de \u00e1reas e\/ou servi\u00e7os, \u00f3rg\u00e3os profissionais, legisla\u00e7\u00f5es vigentes e qualquer outro de cunho t\u00e9cnico e legal, devem resguardar o processo operacional e decis\u00f3rio.<\/p>\t\t\t\t\t\t\t\t<\/div>\n\t\t\t\t<\/div>\n\t\t\t\t\t<\/div>\n\t\t<\/div>\n\t\t\t\t\t<\/div>\n\t\t<\/section>\n\t\t\t\t<\/div>\n\t\t","protected":false},"excerpt":{"rendered":"<p>Pol\u00edticas, Normas e Regulamentos Pol\u00edticas Institucionais As Pol\u00edticas Institucionais t\u00eam o objetivo de dar maior transpar\u00eancia a gest\u00e3o e processos internos. Os documentos (Pol\u00edticas Institucionais), visam a qualidade, seguran\u00e7a, transpar\u00eancia e \u00e9tica na realiza\u00e7\u00e3o dos processos nas unidades sob gest\u00e3o da SPDM, bem como o cumprimento das legisla\u00e7\u00f5es vigentes nos \u00e2mbitos Federais, Estaduais e Municipais. [&hellip;]<\/p>\n","protected":false},"author":1,"featured_media":0,"parent":0,"menu_order":0,"comment_status":"closed","ping_status":"closed","template":"elementor_header_footer","meta":{"footnotes":""},"class_list":["post-256","page","type-page","status-publish","hentry"],"_links":{"self":[{"href":"https:\/\/hospitalsaopaulo.animaker.com.br\/index.php?rest_route=\/wp\/v2\/pages\/256","targetHints":{"allow":["GET"]}}],"collection":[{"href":"https:\/\/hospitalsaopaulo.animaker.com.br\/index.php?rest_route=\/wp\/v2\/pages"}],"about":[{"href":"https:\/\/hospitalsaopaulo.animaker.com.br\/index.php?rest_route=\/wp\/v2\/types\/page"}],"author":[{"embeddable":true,"href":"https:\/\/hospitalsaopaulo.animaker.com.br\/index.php?rest_route=\/wp\/v2\/users\/1"}],"replies":[{"embeddable":true,"href":"https:\/\/hospitalsaopaulo.animaker.com.br\/index.php?rest_route=%2Fwp%2Fv2%2Fcomments&post=256"}],"version-history":[{"count":0,"href":"https:\/\/hospitalsaopaulo.animaker.com.br\/index.php?rest_route=\/wp\/v2\/pages\/256\/revisions"}],"wp:attachment":[{"href":"https:\/\/hospitalsaopaulo.animaker.com.br\/index.php?rest_route=%2Fwp%2Fv2%2Fmedia&parent=256"}],"curies":[{"name":"wp","href":"https:\/\/api.w.org\/{rel}","templated":true}]}}